{"id":160095,"date":"2020-05-18T13:35:04","date_gmt":"2020-05-18T13:35:04","guid":{"rendered":"https:\/\/dentaltraumaguide.org\/iniciar-sesion\/olvido-su-contrasena\/"},"modified":"2020-05-22T12:14:54","modified_gmt":"2020-05-22T12:14:54","slug":"password-lost","status":"publish","type":"page","link":"https:\/\/dentaltraumaguide.org\/es\/login\/password-lost\/","title":{"rendered":"\u00bfOlvid\u00f3 su contrase\u00f1a?"},"content":{"rendered":"\n<div class=\"cs-custom-login\">\n\n\t\n\n\t<p>Proporcione un correo electr\u00f3nico para recibir instrucciones sobre c\u00f3mo restablecer su contrase\u00f1a.<\/p>\n\n\t<div class=\"cs-custom-login-form-container\">\n\n\t\t<form method=\"post\" action=\"https:\/\/dentaltraumaguide.org\/es\/my-account\/lost-password\/\">\n\n\t\t\t<div class=\"row\">\n\t\t\t\t<div class=\"col-md-4\">\n\t\t\t\t\t<div class=\"form-group\">\n\t\t\t\t\t\t<input type=\"email\" class=\"form-control\" name=\"user_login\" id=\"user_login\">\n\t\t\t\t\t<\/div>\n\t\t\t\t<\/div>\n\t\t\t<\/div>\n\n\t\t\t<p class=\"login-submit\">\n\t\t\t\t<button type=\"submit\" class=\"btn btn-primary\">Send<\/button> &nbsp;\n\t\t\t\t<a class=\"text-muted\" href=\"https:\/\/dentaltraumaguide.org\/wp\/wp-login.php\">\n\t\t\t\t\tIr a iniciar sesi\u00f3n\t\t\t\t<\/a>\n\t\t\t<\/p>\n\t\t<\/form>\n\t<\/div>\n<\/div>\n\n","protected":false},"excerpt":{"rendered":"","protected":false},"author":2,"featured_media":0,"parent":160093,"menu_order":0,"comment_status":"closed","ping_status":"closed","template":"","meta":{"_acf_changed":false,"_monsterinsights_skip_tracking":false,"_monsterinsights_sitenote_active":false,"_monsterinsights_sitenote_note":"","_monsterinsights_sitenote_category":0,"footnotes":""},"class_list":["post-160095","page","type-page","status-publish","hentry","wpautop"],"acf":[],"_links":{"self":[{"href":"https:\/\/dentaltraumaguide.org\/es\/wp-json\/wp\/v2\/pages\/160095","targetHints":{"allow":["GET"]}}],"collection":[{"href":"https:\/\/dentaltraumaguide.org\/es\/wp-json\/wp\/v2\/pages"}],"about":[{"href":"https:\/\/dentaltraumaguide.org\/es\/wp-json\/wp\/v2\/types\/page"}],"author":[{"embeddable":true,"href":"https:\/\/dentaltraumaguide.org\/es\/wp-json\/wp\/v2\/users\/2"}],"replies":[{"embeddable":true,"href":"https:\/\/dentaltraumaguide.org\/es\/wp-json\/wp\/v2\/comments?post=160095"}],"version-history":[{"count":1,"href":"https:\/\/dentaltraumaguide.org\/es\/wp-json\/wp\/v2\/pages\/160095\/revisions"}],"predecessor-version":[{"id":160627,"href":"https:\/\/dentaltraumaguide.org\/es\/wp-json\/wp\/v2\/pages\/160095\/revisions\/160627"}],"up":[{"embeddable":true,"href":"https:\/\/dentaltraumaguide.org\/es\/wp-json\/wp\/v2\/pages\/160093"}],"wp:attachment":[{"href":"https:\/\/dentaltraumaguide.org\/es\/wp-json\/wp\/v2\/media?parent=160095"}],"curies":[{"name":"wp","href":"https:\/\/api.w.org\/{rel}","templated":true}]}}