{"id":160092,"date":"2020-05-18T12:57:17","date_gmt":"2020-05-18T12:57:17","guid":{"rendered":"https:\/\/dentaltraumaguide.org\/version-para-miembros\/"},"modified":"2021-02-24T11:07:05","modified_gmt":"2021-02-24T11:07:05","slug":"member-version","status":"publish","type":"page","link":"https:\/\/dentaltraumaguide.org\/es\/member-version\/","title":{"rendered":"Versi\u00f3n para miembros"},"content":{"rendered":"<p>Dental Trauma Guide est\u00e1 aqu\u00ed para brindarle asesoramiento en todo lo relacionado con los traumatismos dentarios. El sitio cubre las gu\u00edas cl\u00ednicas de tratamiento para dientes primarios y permanentes. Este sitio web nace del trabajo en cooperaci\u00f3n entre el Hospital Universitario de Copenhague y la Asociaci\u00f3n Internacional de Traumatolog\u00eda Dental (IADT). Ser un miembro certificado de DTG permite el acceso a todo el contenido adicional de <em>Dental Trauma Guide.<\/em> Lea nuestras recomendaciones para el uso de <em>Dental Trauma Guide<\/em>. El contenido para miembros de DTG se encuentra resaltado en verde. Puede convertirse en miembro cuando lo desee y de esa manera acceder a todo el contenido adicional.<\/p>\n","protected":false},"excerpt":{"rendered":"<p>Dental Trauma Guide est\u00e1 aqu\u00ed para brindarle asesoramiento en todo lo relacionado a los traumatismos dentales.  El sitio cubre las pautas de tratamiento para dientes temporales y permanentes. Este sitio web nace del trabajo en cooperaci\u00f3n entre el Hospital Universitario de Copenhague y la Asociaci\u00f3n Internacional de Traumatolog\u00eda Dental (IADT). Ser un miembro certificado de DTG permite el acceso a todo el contenido adicional de Dental Trauma Guide. Lea nuestras recomendaciones para el uso de Dental Trauma Guide. El contenido para miembros de DTG se encuentra resaltado en verde. Puede convertirse en miembro cuando lo desee y de esa manera acceder a todo el contenido adicional.<\/p>\n","protected":false},"author":2,"featured_media":0,"parent":0,"menu_order":0,"comment_status":"closed","ping_status":"closed","template":"","meta":{"_acf_changed":false,"_monsterinsights_skip_tracking":false,"_monsterinsights_sitenote_active":false,"_monsterinsights_sitenote_note":"","_monsterinsights_sitenote_category":0,"footnotes":""},"class_list":["post-160092","page","type-page","status-publish","hentry","wpautop"],"acf":[],"_links":{"self":[{"href":"https:\/\/dentaltraumaguide.org\/es\/wp-json\/wp\/v2\/pages\/160092","targetHints":{"allow":["GET"]}}],"collection":[{"href":"https:\/\/dentaltraumaguide.org\/es\/wp-json\/wp\/v2\/pages"}],"about":[{"href":"https:\/\/dentaltraumaguide.org\/es\/wp-json\/wp\/v2\/types\/page"}],"author":[{"embeddable":true,"href":"https:\/\/dentaltraumaguide.org\/es\/wp-json\/wp\/v2\/users\/2"}],"replies":[{"embeddable":true,"href":"https:\/\/dentaltraumaguide.org\/es\/wp-json\/wp\/v2\/comments?post=160092"}],"version-history":[{"count":4,"href":"https:\/\/dentaltraumaguide.org\/es\/wp-json\/wp\/v2\/pages\/160092\/revisions"}],"predecessor-version":[{"id":175467,"href":"https:\/\/dentaltraumaguide.org\/es\/wp-json\/wp\/v2\/pages\/160092\/revisions\/175467"}],"wp:attachment":[{"href":"https:\/\/dentaltraumaguide.org\/es\/wp-json\/wp\/v2\/media?parent=160092"}],"curies":[{"name":"wp","href":"https:\/\/api.w.org\/{rel}","templated":true}]}}