{"id":160091,"date":"2020-05-18T12:57:16","date_gmt":"2020-05-18T12:57:16","guid":{"rendered":"https:\/\/dentaltraumaguide.org\/vision\/"},"modified":"2020-12-17T11:22:54","modified_gmt":"2020-12-17T11:22:54","slug":"vision","status":"publish","type":"page","link":"https:\/\/dentaltraumaguide.org\/es\/vision\/","title":{"rendered":"Visi\u00f3n"},"content":{"rendered":"<h3>Mejorar el nivel de atenci\u00f3n para los pacientes que sufren traumatismos dentarios<\/h3>\n<p>El anhelo de los creadores de <em>Dental Trauma Guide<\/em> es mejorar el nivel de atenci\u00f3n para los pacientes que sufren traumatismos dentarios a nivel mundial, al brindar un mayor acceso al conocimiento para su tratamiento.<\/p>\n<p>Se estima que el fen\u00f3meno global de los traumatismos dentarios afecta al 50-60% de la poblaci\u00f3n mundial (porcentaje que incluye la dentici\u00f3n temporal y permanente). Se estima que actualmente existen alrededor de mil millones de personas que han sufrido traumatismos dentarios, con sesenta millones de pacientes nuevos cada a\u00f1o.<\/p>\n<p><span style=\"color: #00ccff;\"><a style=\"color: #00ccff;\" href=\"https:\/\/dentaltraumaguide.org\/es\/about\/\">Conozca m\u00e1s sobre <em>Dental Trauma Guide<\/em> aqu\u00ed<\/a><\/span><\/p>\n<p>&nbsp;<\/p>\n<p><img loading=\"lazy\" decoding=\"async\" class=\"alignnone wp-image-464 size-full\" src=\"https:\/\/dentaltraumaguide.org\/app\/uploads\/2016\/10\/vision.jpg\" alt=\"vision\" width=\"1900\" height=\"785\" srcset=\"https:\/\/dentaltraumaguide.org\/app\/uploads\/2016\/10\/vision.jpg 1900w, https:\/\/dentaltraumaguide.org\/app\/uploads\/2016\/10\/vision-600x248.jpg 600w, https:\/\/dentaltraumaguide.org\/app\/uploads\/2016\/10\/vision-300x124.jpg 300w, https:\/\/dentaltraumaguide.org\/app\/uploads\/2016\/10\/vision-768x317.jpg 768w, https:\/\/dentaltraumaguide.org\/app\/uploads\/2016\/10\/vision-1024x423.jpg 1024w\" sizes=\"auto, (max-width: 1900px) 100vw, 1900px\" \/><\/p>\n","protected":false},"excerpt":{"rendered":"<p>Se estima que el fen\u00f3meno global de los traumatismos dentales afecta al 50-60% de la poblaci\u00f3n mundial (porcentaje que incluye<br \/>\na la dentici\u00f3n temporal y permanente). Se estima que actualmente existen alrededor de mil millones de personas que han sufrido<br \/>\ntraumatismos dentales, con sesenta millones de nuevos pacientes cada a\u00f1o.\u201d<br \/>\n\u201dLa aspiraci\u00f3n de los creadores de Dental Trauma Guide es ayudar a elevar el est\u00e1ndar de atenci\u00f3n de<br \/>\nlos pacientes que sufren traumatismos dentales a nivel mundial.<\/p>\n","protected":false},"author":2,"featured_media":162042,"parent":0,"menu_order":0,"comment_status":"closed","ping_status":"closed","template":"template-full-width.php","meta":{"_acf_changed":false,"_monsterinsights_skip_tracking":false,"_monsterinsights_sitenote_active":false,"_monsterinsights_sitenote_note":"","_monsterinsights_sitenote_category":0,"footnotes":""},"class_list":["post-160091","page","type-page","status-publish","has-post-thumbnail","hentry","wpautop"],"acf":[],"_links":{"self":[{"href":"https:\/\/dentaltraumaguide.org\/es\/wp-json\/wp\/v2\/pages\/160091","targetHints":{"allow":["GET"]}}],"collection":[{"href":"https:\/\/dentaltraumaguide.org\/es\/wp-json\/wp\/v2\/pages"}],"about":[{"href":"https:\/\/dentaltraumaguide.org\/es\/wp-json\/wp\/v2\/types\/page"}],"author":[{"embeddable":true,"href":"https:\/\/dentaltraumaguide.org\/es\/wp-json\/wp\/v2\/users\/2"}],"replies":[{"embeddable":true,"href":"https:\/\/dentaltraumaguide.org\/es\/wp-json\/wp\/v2\/comments?post=160091"}],"version-history":[{"count":3,"href":"https:\/\/dentaltraumaguide.org\/es\/wp-json\/wp\/v2\/pages\/160091\/revisions"}],"predecessor-version":[{"id":173410,"href":"https:\/\/dentaltraumaguide.org\/es\/wp-json\/wp\/v2\/pages\/160091\/revisions\/173410"}],"wp:featuredmedia":[{"embeddable":true,"href":"https:\/\/dentaltraumaguide.org\/es\/wp-json\/wp\/v2\/media\/162042"}],"wp:attachment":[{"href":"https:\/\/dentaltraumaguide.org\/es\/wp-json\/wp\/v2\/media?parent=160091"}],"curies":[{"name":"wp","href":"https:\/\/api.w.org\/{rel}","templated":true}]}}