{"id":160089,"date":"2020-05-18T12:57:16","date_gmt":"2020-05-18T12:57:16","guid":{"rendered":"https:\/\/dentaltraumaguide.org\/suscripcion-al-newsletter\/"},"modified":"2025-02-17T08:10:54","modified_gmt":"2025-02-17T08:10:54","slug":"newsletter-signup","status":"publish","type":"page","link":"https:\/\/dentaltraumaguide.org\/es\/newsletter-signup\/","title":{"rendered":"Suscripci\u00f3n al Bolet\u00edn Informativo"},"content":{"rendered":"<p><img loading=\"lazy\" decoding=\"async\" class=\"alignnone size-full wp-image-1944\" src=\"https:\/\/dentaltraumaguide.org\/app\/uploads\/2016\/07\/news.jpg\" alt=\"news\" width=\"800\" height=\"327\" \/><\/p>\n<table border=\"0\" width=\"50%\" cellspacing=\"0\" cellpadding=\"0\" align=\"left\">\n<tbody>\n<tr>\n<td valign=\"top\">\n<h3>Suscr\u00edbase al bolet\u00edn informativo de Dental Trauma Guide.<\/h3>\n<p>Reciba noticias sobre actualizaciones y modificaciones a Dental Trauma Guide, los simposios anuales, nuevas investigaciones publicadas por el equipo de Dental Trauma Guide, entre otros colegas, y mucho m\u00e1s.<\/p>\n<p><span style=\"color: #ff0000;\">El bolet\u00edn informativo est\u00e1 disponible \u00fanicamente en ingl\u00e9s.\u00a0<\/span><\/td>\n<\/tr>\n<\/tbody>\n<\/table>\n<table border=\"0\" width=\"49%\" cellspacing=\"0\" cellpadding=\"0\" align=\"left\">\n<tbody>\n<tr>\n<td>\u00a0<script>(function() {\n\twindow.mc4wp = window.mc4wp || {\n\t\tlisteners: [],\n\t\tforms: {\n\t\t\ton: function(evt, cb) {\n\t\t\t\twindow.mc4wp.listeners.push(\n\t\t\t\t\t{\n\t\t\t\t\t\tevent   : evt,\n\t\t\t\t\t\tcallback: cb\n\t\t\t\t\t}\n\t\t\t\t);\n\t\t\t}\n\t\t}\n\t}\n})();\n<\/script><!-- Mailchimp for WordPress v4.12.0 - https:\/\/wordpress.org\/plugins\/mailchimp-for-wp\/ --><form id=\"mc4wp-form-1\" class=\"mc4wp-form mc4wp-form-67 mc4wp-form-theme mc4wp-form-theme-light\" method=\"post\" data-id=\"67\" data-name=\"Newsletter signup form\" ><div class=\"mc4wp-form-fields\"><p>\r\n    <label>Email address<\/label><br>\r\n    <input type=\"email\" name=\"EMAIL\" required>\r\n<\/p>\r\n<p>\r\n    <label>First name<\/label><br>\r\n    <input type=\"text\" placeholder=\"First Name\" name=\"FNAME\" required>\r\n\r\n<\/p>\r\n<p>\r\n    <label>Last name<\/label><br>\r\n    <input type=\"text\" placeholder=\"Last Name\" name=\"LNAME\" required>\r\n<\/p>\r\n<p>\r\n    <label>Country<\/label><br>\r\n    <input type=\"text\" name=\"MMERGE5\">\r\n<\/p>\r\n<p>\r\n    <input type=\"submit\" value=\"Subscribe\">\r\n<\/p><\/div><label style=\"display: none !important;\">Deja vac\u00edo este campo si eres humano: <input type=\"text\" name=\"_mc4wp_honeypot\" value=\"\" tabindex=\"-1\" autocomplete=\"off\" \/><\/label><input type=\"hidden\" name=\"_mc4wp_timestamp\" value=\"1776043922\" \/><input type=\"hidden\" name=\"_mc4wp_form_id\" value=\"67\" \/><input type=\"hidden\" name=\"_mc4wp_form_element_id\" value=\"mc4wp-form-1\" \/><div class=\"mc4wp-response\"><\/div><\/form><!-- \/ Mailchimp for WordPress Plugin --><\/td>\n<\/tr>\n<\/tbody>\n<\/table>\n<p>&nbsp;<\/p>\n","protected":false},"excerpt":{"rendered":"<p>Suscr\u00edbase al bolet\u00edn informativo de Dental Trauma Guide. Reciba noticias sobre actualizaciones y modificaciones a Dental Trauma Guide, los simposios anuales, nuevas investigaciones publicadas por el equipo de Dental Trauma Guide, entre otros colegas, y mucho m\u00e1s. El bolet\u00edn informativo est\u00e1 disponible \u00fanicamente en ingl\u00e9s.\u00a0 \u00a0 &nbsp;<\/p>\n","protected":false},"author":2,"featured_media":163229,"parent":0,"menu_order":0,"comment_status":"closed","ping_status":"closed","template":"","meta":{"_acf_changed":false,"_monsterinsights_skip_tracking":false,"_monsterinsights_sitenote_active":false,"_monsterinsights_sitenote_note":"","_monsterinsights_sitenote_category":0,"footnotes":""},"class_list":["post-160089","page","type-page","status-publish","has-post-thumbnail","hentry","wpautop"],"acf":[],"_links":{"self":[{"href":"https:\/\/dentaltraumaguide.org\/es\/wp-json\/wp\/v2\/pages\/160089","targetHints":{"allow":["GET"]}}],"collection":[{"href":"https:\/\/dentaltraumaguide.org\/es\/wp-json\/wp\/v2\/pages"}],"about":[{"href":"https:\/\/dentaltraumaguide.org\/es\/wp-json\/wp\/v2\/types\/page"}],"author":[{"embeddable":true,"href":"https:\/\/dentaltraumaguide.org\/es\/wp-json\/wp\/v2\/users\/2"}],"replies":[{"embeddable":true,"href":"https:\/\/dentaltraumaguide.org\/es\/wp-json\/wp\/v2\/comments?post=160089"}],"version-history":[{"count":10,"href":"https:\/\/dentaltraumaguide.org\/es\/wp-json\/wp\/v2\/pages\/160089\/revisions"}],"predecessor-version":[{"id":239347,"href":"https:\/\/dentaltraumaguide.org\/es\/wp-json\/wp\/v2\/pages\/160089\/revisions\/239347"}],"wp:featuredmedia":[{"embeddable":true,"href":"https:\/\/dentaltraumaguide.org\/es\/wp-json\/wp\/v2\/media\/163229"}],"wp:attachment":[{"href":"https:\/\/dentaltraumaguide.org\/es\/wp-json\/wp\/v2\/media?parent=160089"}],"curies":[{"name":"wp","href":"https:\/\/api.w.org\/{rel}","templated":true}]}}