{"id":159412,"date":"2020-05-04T11:38:01","date_gmt":"2020-05-04T11:38:01","guid":{"rendered":"https:\/\/dentaltraumaguide.org\/version-libre\/"},"modified":"2021-02-24T19:39:07","modified_gmt":"2021-02-24T19:39:07","slug":"free-version","status":"publish","type":"page","link":"https:\/\/dentaltraumaguide.org\/es\/free-version\/","title":{"rendered":"Versi\u00f3n gratuita o por pago"},"content":{"rendered":"<p><em>Dental Trauma Guide<\/em> es una herramienta l\u00edder a nivel mundial en traumatolog\u00eda dentaria. Cubre las gu\u00edas cl\u00ednicas de tratamiento para dientes primarios y permanentes. Este sitio web es desarrollado y administrado en cooperaci\u00f3n con el Hospital Universitario de Copenhague y la Asociaci\u00f3n Internacional de Traumatolog\u00eda Dental (IADT). <em>Dental Trauma Guide<\/em> es una organizaci\u00f3n sin fines de lucro. El pago de la membres\u00eda tiene como finalidad, la viabilidad y desarrollo de este sitio web.<\/p>\n<h2><span style=\"font-size: 16px;\">Ser miembro de DTG permite acceder a:<\/span><\/h2>\n<ul>\n<li>tratamiento basado en animaci\u00f3n<\/li>\n<li>determinaci\u00f3n del pron\u00f3stico individual<\/li>\n<li>la herramienta de gu\u00eda para diagn\u00f3stico de traumatismos <em>(Trauma Pathfinder)\u00a0<\/em><\/li>\n<li>el servicio de bolet\u00edn informativo <em>(newsletter)<\/em> junto con abstracts de estudios recientes sobre traumatolog\u00eda dental.<\/li>\n<li>la descarga gratuita de 30 estudios cl\u00ednicos.<\/li>\n<\/ul>\n<p>Es necesario ser miembro de DTG para acceder a todo el contenido de <em>Dental Trauma Guide.<\/em> Haga clic en el bot\u00f3n verde \u00abAdquirir Membres\u00eda\u00bb para obtener acceso a todo el contenido adicional.<\/p>\n<h3>Utilice las gu\u00edas gratuitas<\/h3>\n<p>Si prefiere utilizar este sitio web sin adquirir la membres\u00eda paga, <a href=\"https:\/\/dentaltraumaguide.org\/es\/lineamientos-terapeuticos-de-la-iadt\/\" target=\"_blank\" rel=\"noopener noreferrer\">puede acceder a todos los lineamientos sobre traumatolog\u00eda dental de IADT de manera gratuita aqu\u00ed.<\/a><\/p>\n<p>En correspondencia con el IADT. Las primeras gu\u00edas de la IADT se publicaron en 2001 y se actualizaron en 2007.\u00a0\u00a0Al igual que con las gu\u00edas anteriores, los profesionales que las desarrollan son investigadores experimentados y m\u00e9dicos de diversas especialidades dentales y pr\u00e1ctica general.\u00a0\u00a0La revisi\u00f3n actual representa la mejor evidencia basada en la<br \/>\nliteratura disponible y en el juicio profesional de los expertos. \u00a0M\u00e1s informaci\u00f3n en <a href=\"https:\/\/www.iadt-dentaltrauma.org\">www.iadt-dentaltrauma.org<\/a><\/p>\n","protected":false},"excerpt":{"rendered":"<p>Dental Trauma Guide est\u00e1 aqu\u00ed para brindarle asesoramiento en todo lo relacionado a los traumatismos dentarios.  El sitio cubre las gu\u00edas cl\u00ednicas de tratamiento para dientes primarios y permanentes. Este sitio web nace del trabajo en cooperaci\u00f3n entre el Hospital Universitario de Copenhague y la Asociaci\u00f3n Internacional de Traumatolog\u00eda Dental (IADT). Ser un miembro certificado de DTG permite el acceso a todo el contenido adicional de Dental Trauma Guide. Lea nuestras recomendaciones para el uso de Dental Trauma Guide. El contenido para miembros de DTG se encuentra resaltado en verde. Puede convertirse en miembro cuando lo desee y de esa manera acceder a todo el contenido adicional.<\/p>\n","protected":false},"author":2,"featured_media":0,"parent":0,"menu_order":0,"comment_status":"closed","ping_status":"closed","template":"template-pagebuilder.php","meta":{"_acf_changed":false,"_monsterinsights_skip_tracking":false,"_monsterinsights_sitenote_active":false,"_monsterinsights_sitenote_note":"","_monsterinsights_sitenote_category":0,"footnotes":""},"class_list":["post-159412","page","type-page","status-publish","hentry","wpautop"],"acf":[],"_links":{"self":[{"href":"https:\/\/dentaltraumaguide.org\/es\/wp-json\/wp\/v2\/pages\/159412","targetHints":{"allow":["GET"]}}],"collection":[{"href":"https:\/\/dentaltraumaguide.org\/es\/wp-json\/wp\/v2\/pages"}],"about":[{"href":"https:\/\/dentaltraumaguide.org\/es\/wp-json\/wp\/v2\/types\/page"}],"author":[{"embeddable":true,"href":"https:\/\/dentaltraumaguide.org\/es\/wp-json\/wp\/v2\/users\/2"}],"replies":[{"embeddable":true,"href":"https:\/\/dentaltraumaguide.org\/es\/wp-json\/wp\/v2\/comments?post=159412"}],"version-history":[{"count":9,"href":"https:\/\/dentaltraumaguide.org\/es\/wp-json\/wp\/v2\/pages\/159412\/revisions"}],"predecessor-version":[{"id":175506,"href":"https:\/\/dentaltraumaguide.org\/es\/wp-json\/wp\/v2\/pages\/159412\/revisions\/175506"}],"wp:attachment":[{"href":"https:\/\/dentaltraumaguide.org\/es\/wp-json\/wp\/v2\/media?parent=159412"}],"curies":[{"name":"wp","href":"https:\/\/api.w.org\/{rel}","templated":true}]}}