{"id":159411,"date":"2020-05-04T11:36:52","date_gmt":"2020-05-04T11:36:52","guid":{"rendered":"https:\/\/dentaltraumaguide.org\/acerca-de-dental-trauma-guide\/"},"modified":"2024-01-08T12:05:37","modified_gmt":"2024-01-08T12:05:37","slug":"about","status":"publish","type":"page","link":"https:\/\/dentaltraumaguide.org\/es\/about\/","title":{"rendered":"Acerca de Dental Trauma Guide"},"content":{"rendered":"<p>El sitio web ofrece a los profesionales una gu\u00eda de f\u00e1cil acceso, basada en evidencia, a fin de que puedan llevar a cabo un \u00f3ptimo diagn\u00f3stico, tratamiento y pron\u00f3stico de las lesiones traum\u00e1ticas dentarias en la dentici\u00f3n primaria y permanente. El sitio web cuenta con la cooperaci\u00f3n del Hospital Universitario de Copenhague y de la Asociaci\u00f3n Internacional de Traumatolog\u00eda Dental (<em>IADT<\/em>\u00a0por sus siglas en ingl\u00e9s).<\/p>\n<p>Para obtener acceso a la gu\u00eda completa es necesario ser un miembro certificado de <em>DTG <a href=\"https:\/\/dentaltraumaguide.org\/es\/membership-plans\/\">compre aqu\u00ed<\/a><\/em>.<\/p>\n<h2>Antecedentes<\/h2>\n<p><em>Dentral Trauma Guide<\/em> es una herramienta online l\u00edder a nivel mundial que permite acceder a informaci\u00f3n de traumatolog\u00eda dental basada en evidencia. <em>Dental Trauma Guide<\/em> tiene sus ra\u00edces en el Hospital Universitario de Copenhague (Rigshospitalet) y es una organizaci\u00f3n de investigaci\u00f3n sin fines de lucro. Desde sus inicios en 2008, <em>Dental Trauma Guide<\/em> ha sido financiado por varias fundaciones, lo cual le ha permitido proporcionar sus servicios sin cargo a m\u00e1s de 350.000 usuarios anualmente, alrededor del mundo. Desde enero de 2017, el sitio implement\u00f3 el sistema de pago por sus servicios a fin garantizar su continuidad y progreso.<\/p>\n<p><a href=\"https:\/\/dentaltraumaguide.org\/es\/historia\/\">Conozca m\u00e1s sobre la historia de <em>Dentral Trauma Guide<\/em> aqu\u00ed<\/a><\/p>\n<h2>Nuevo sistema de suscripci\u00f3n de <em>Dental Trauma Guide<\/em><\/h2>\n<p>En enero de 2017, la nueva versi\u00f3n 2.0 de <em>Dental Trauma Guide<\/em> lo convirti\u00f3 en un sitio web de servicio pagado basado en suscripciones. De esta manera se garantiza la viabilidad de <em>Dental Trauma Guide<\/em> para beneficio de los usuarios profesionales y sus pacientes. La nueva <em>Dental Trauma Guide<\/em> continuar\u00e1 siendo la herramienta l\u00edder a nivel mundial en el campo de la traumatolog\u00eda dental basada en evidencia, con demostraciones de tratamiento animadas y de f\u00e1cil comprensi\u00f3n. Est\u00e1 vinculada al Hospital Universitario de Copenhague y es reconocida como el legado del Dr. Jens Ove Andreasen y su equipo de traumatolog\u00eda dental.<\/p>\n<p><a href=\"https:\/\/dentaltraumaguide.org\/es\/el-equipo-de-dental-trauma-guide\/\">Conozca m\u00e1s sobre el equipo de <em>Dental Trauma Guide<\/em> aqu\u00ed<\/a><\/p>\n<p><em><strong>Los textos de las gu\u00edas elaboradas por la IADT se contin\u00faan ofreciendo sin cargo.<\/strong><\/em><\/p>\n","protected":false},"excerpt":{"rendered":"<p>Dental Trauma Guide est\u00e1 aqu\u00ed para brindarle asesoramiento en todo lo relacionado a los traumatismos dentales.  El sitio cubre las pautas de tratamiento para dientes primarios y permanentes. Este sitio web nace del trabajo en cooperaci\u00f3n entre el Hospital Universitario de Copenhague y la Asociaci\u00f3n Internacional de Traumatolog\u00eda Dental (IADT). Ser un miembro certificado de DTG permite el acceso a todo el contenido adicional de Dental Trauma Guide. Lea nuestras recomendaciones para el uso de Dental Trauma Guide.<\/p>\n","protected":false},"author":2,"featured_media":0,"parent":0,"menu_order":0,"comment_status":"closed","ping_status":"closed","template":"template-full-width.php","meta":{"_acf_changed":false,"_monsterinsights_skip_tracking":false,"_monsterinsights_sitenote_active":false,"_monsterinsights_sitenote_note":"","_monsterinsights_sitenote_category":0,"footnotes":""},"class_list":["post-159411","page","type-page","status-publish","hentry","wpautop"],"acf":[],"_links":{"self":[{"href":"https:\/\/dentaltraumaguide.org\/es\/wp-json\/wp\/v2\/pages\/159411","targetHints":{"allow":["GET"]}}],"collection":[{"href":"https:\/\/dentaltraumaguide.org\/es\/wp-json\/wp\/v2\/pages"}],"about":[{"href":"https:\/\/dentaltraumaguide.org\/es\/wp-json\/wp\/v2\/types\/page"}],"author":[{"embeddable":true,"href":"https:\/\/dentaltraumaguide.org\/es\/wp-json\/wp\/v2\/users\/2"}],"replies":[{"embeddable":true,"href":"https:\/\/dentaltraumaguide.org\/es\/wp-json\/wp\/v2\/comments?post=159411"}],"version-history":[{"count":10,"href":"https:\/\/dentaltraumaguide.org\/es\/wp-json\/wp\/v2\/pages\/159411\/revisions"}],"predecessor-version":[{"id":215068,"href":"https:\/\/dentaltraumaguide.org\/es\/wp-json\/wp\/v2\/pages\/159411\/revisions\/215068"}],"wp:attachment":[{"href":"https:\/\/dentaltraumaguide.org\/es\/wp-json\/wp\/v2\/media?parent=159411"}],"curies":[{"name":"wp","href":"https:\/\/api.w.org\/{rel}","templated":true}]}}